{"id":1855,"date":"2024-03-08T10:53:09","date_gmt":"2024-03-08T10:53:09","guid":{"rendered":"https:\/\/petition.g100leadershipsummit.org\/?page_id=1855"},"modified":"2024-03-08T10:56:46","modified_gmt":"2024-03-08T10:56:46","slug":"privacy-policy","status":"publish","type":"page","link":"https:\/\/petition.g100leadershipsummit.org\/index.php\/privacy-policy\/","title":{"rendered":"Privacy Policy"},"content":{"rendered":"\t\t<div data-elementor-type=\"wp-page\" data-elementor-id=\"1855\" class=\"elementor elementor-1855\" data-elementor-post-type=\"page\">\n\t\t\t\t<div class=\"elementor-element elementor-element-dc0596e e-flex e-con-boxed e-con e-parent\" data-id=\"dc0596e\" data-element_type=\"container\" data-settings=\"{&quot;background_background&quot;:&quot;classic&quot;,&quot;content_width&quot;:&quot;boxed&quot;}\" data-core-v316-plus=\"true\">\n\t\t\t\t\t<div class=\"e-con-inner\">\n\t\t\t\t<div class=\"elementor-element elementor-element-e33f90e elementor-widget elementor-widget-text-editor\" data-id=\"e33f90e\" data-element_type=\"widget\" data-widget_type=\"text-editor.default\">\n\t\t\t\t<div class=\"elementor-widget-container\">\n\t\t\t<style>\/*! elementor - v3.19.0 - 28-02-2024 *\/\n.elementor-widget-text-editor.elementor-drop-cap-view-stacked .elementor-drop-cap{background-color:#69727d;color:#fff}.elementor-widget-text-editor.elementor-drop-cap-view-framed .elementor-drop-cap{color:#69727d;border:3px solid;background-color:transparent}.elementor-widget-text-editor:not(.elementor-drop-cap-view-default) .elementor-drop-cap{margin-top:8px}.elementor-widget-text-editor:not(.elementor-drop-cap-view-default) .elementor-drop-cap-letter{width:1em;height:1em}.elementor-widget-text-editor .elementor-drop-cap{float:left;text-align:center;line-height:1;font-size:50px}.elementor-widget-text-editor .elementor-drop-cap-letter{display:inline-block}<\/style>\t\t\t\t<p>Privacy Policy<\/p>\t\t\t\t\t\t<\/div>\n\t\t\t\t<\/div>\n\t\t\t\t<div class=\"elementor-element elementor-element-48eb1a3 elementor-widget elementor-widget-text-editor\" data-id=\"48eb1a3\" data-element_type=\"widget\" data-widget_type=\"text-editor.default\">\n\t\t\t\t<div class=\"elementor-widget-container\">\n\t\t\t\t\t\t\t<p>A\u00a0 nossa pol\u00edtica de privacidade foi reformulada com base no novo Regulamento Geral sobre a Prote\u00e7\u00e3o de Dados (RGPD), conforme \u00e9 disposto no Regulamento (EU) 2016\/679 do Parlamento Europeu e do Conselho, bem como toda a restante legisla\u00e7\u00e3o aplic\u00e1vel e complementar aos temas da privacidade e da prote\u00e7\u00e3o de dados.<\/p><p>Todos os dados que ser\u00e3o processados pela empresa e a forma como possam ser utilizados dependem dos servi\u00e7os que ser\u00e3o solicitados por si e da forma que for acordado consigo.<\/p><h4>1. Respons\u00e1vel Pelo Tratamento Dos Dados<\/h4><p>Em caso de d\u00favidas relativamente ao tratamento dos meus dados, posso contactar o respons\u00e1vel pelos mesmos atrav\u00e9s dos contactos:<br \/>Rua Bartolomeu Dias, 148 3F<\/p><p>(+351) 926 976 372 <br \/>NIF 508272386<\/p><h4>2. Cookies<\/h4><p>Os \u201cCookies\u201d s\u00e3o ficheiros de texto que s\u00e3o armazenados no seu computador atrav\u00e9s do seu motor de pesquisa (browser).<\/p><p>A CPL MEETINGS &amp; EVENTS recolhe informa\u00e7\u00e3o dos seus clientes para lhes facultar um servi\u00e7o personalizado e para facilitar a sua navega\u00e7\u00e3o no nosso website. A sua utiliza\u00e7\u00e3o neste site ser\u00e1 monitorizada para fins estat\u00edsticos.<\/p><p>A configura\u00e7\u00e3o dos cookies no nosso website pode ser impedida ou apagada, se o titular dos dados assim o entender, atrav\u00e9s do navegador de Internet ou programas de software. No entanto, se o titular dos dados assim o fizer, poder\u00e1 posteriormente possuir algumas funcionalidades que n\u00e3o se encontrem totalmente utiliz\u00e1veis.<\/p><h4>3. Recolha E Tratamento De Dados E Informa\u00e7\u00f5es Gerais<\/h4><p>O nosso website recolhe alguns dados e informa\u00e7\u00f5es gerais ao ser acedido pelo titular dos mesmos.<\/p><p>Estes dados s\u00e3o armazenados pelo servidor e s\u00e3o compostos por:<\/p><ul><li>tipos de navegador e vers\u00f5es usadas;<\/li><li>sistema operativo usado pelo dispositivo que efetua o acesso;<\/li><li>o website atrav\u00e9s do qual foi redirecionado para o nosso;<\/li><li>os sub-websites;<\/li><li>a data e hora em que o nosso website foi acedido;<\/li><li>um endere\u00e7o de protocolo de Internet (endere\u00e7o IP);<\/li><li>outros dados e informa\u00e7\u00f5es semelhantes que possam ser usados em caso de riscos de seguran\u00e7a dos nossos sistemas.<\/li><\/ul><p>Estes dados e informa\u00e7\u00f5es n\u00e3o s\u00e3o utilizados pela empresa para tirarem conclus\u00f5es dos titulares dos mesmos. S\u00e3o apenas utilizados para:<\/p><ul><li>entregar corretamente o conte\u00fado do nosso website;<\/li><li>otimizar o conte\u00fado do website, bem como os an\u00fancios do mesmo;<\/li><li>garantir a viabilidade a longo prazo dos nossos sistemas e tecnologias;<\/li><li>fornecer informa\u00e7\u00f5es \u00e0s autoridades respons\u00e1veis pela aplica\u00e7\u00e3o da lei em caso de ataques cibern\u00e9ticos.<\/li><\/ul><p>\u00c9 ainda importante real\u00e7ar que todos estes dados s\u00e3o retirados conforme o consentimento do titular dos dados (tal como \u00e9 indicado nos artigos 6\u00ba n.\u00ba 1 al\u00ednea a) e 7\u00ba, presentes no RGPD):<\/p><p>Ao fornecer-nos o seu consentimento para o tratamento de dados pessoais, este ser\u00e1 realizado com base no que foi informado e no qual consentiu. Este consentimento pode ser revogado a qualquer altura. Esta revoga\u00e7\u00e3o pode ainda ser aplicada aos consentimentos que possam ter sido fornecidos antes da entrada em vigor da RGPD, ou seja, antes do dia 25 de Maio de 2018. Queira ter em conta que a revoga\u00e7\u00e3o aplica-se apenas a situa\u00e7\u00f5es futuras n\u00e3o tendo assim efeitos retroativos, isto \u00e9, o tratamento ocorrido antes da revoga\u00e7\u00e3o n\u00e3o \u00e9 por ela abrangido.<\/p><h4>4. Quem Tem Acesso Aos Dados<\/h4><p>Dentro da empresa, t\u00eam acesso aos dados os colaboradores que deles necessitam para a realiza\u00e7\u00e3o de an\u00e1lises a dados estat\u00edsticos e, consequentemente, para a otimiza\u00e7\u00e3o do website e conte\u00fados da empresa.<\/p><p>Relativamente \u00e0 transmiss\u00e3o de dados para outras empresas, a CPL MEETINGS &amp; EVENTS apenas partilha dados quando as disposi\u00e7\u00f5es legais nos exigem e\/ou quando tivermos o consentimento dos titulares, tal como \u00e9 previsto no RGPD e nas legisla\u00e7\u00f5es de prote\u00e7\u00e3o de dados aplic\u00e1veis.<\/p><h4>5. Per\u00edodo De Armazenamento De Dados<\/h4><p>O respons\u00e1vel pelos dados deve analisar e armazenar os dados pessoais do titular dos mesmos pelo per\u00edodo necess\u00e1rio para atingir os objetivos do armazenamento, pelo per\u00edodo que que lhe for concedido pelo legislador europeu ou outros legisladores em leis ou regulamentos a que o respons\u00e1vel possa tamb\u00e9m estar sujeito.<\/p><p>Se n\u00e3o for aplic\u00e1vel a finalidade de armazenamento ou se o prazo definido de armazenamento expirar, os dados pessoais ser\u00e3o bloqueados ou apagados, conforme os requisitos legais aplic\u00e1veis.<\/p><h4>6. Tomadas De Decis\u00e3o Automatizadas<\/h4><p>Como \u00e9 disposto no RGPD, n\u00e3o s\u00e3o utilizados procedimentos de tomadas de decis\u00e3o automatizadas pela empresa. No entanto, caso seja necess\u00e1rio recorrer a este procedimento, ser\u00e1 informado, conforme o estabelecido pela lei.<\/p><h4>7. Possibilidade De Contacto Via Website<\/h4><p>O nosso website cont\u00e9m informa\u00e7\u00f5es que permitem contatos r\u00e1pidos e diretos com a nossa empresa, atrav\u00e9s de um endere\u00e7o geral de correio eletr\u00f3nico (endere\u00e7o e-mail). No caso de o contato ser realizado atrav\u00e9s dos nossos formul\u00e1rios de contato, os dados pessoais transmitidos pelo titular ser\u00e3o armazenados com os objetivos de serem tratados ou de entrar em contato com o titular dos mesmos. Estes dados n\u00e3o ser\u00e3o transmitidos para terceiros.<\/p><h4>8. Disposi\u00e7\u00f5es De Protec\u00e7\u00e3o De Dados Sobre A Aplica\u00e7\u00e3o E Uso Do Google Analytics (Com A Funcionalidade De Anonimiza\u00e7\u00e3o)<\/h4><p>Foi integrada neste website a componente do Google Analytics. Este servi\u00e7o tem como base a an\u00e1lise web, ou seja, consiste na recolha, aglomera\u00e7\u00e3o e an\u00e1lise de dados referentes aos comportamentos dos visitantes em websites, nomeadamente, dados como as p\u00e1ginas que visita, a frequ\u00eancia com que visita ou a dura\u00e7\u00e3o da visualiza\u00e7\u00e3o de cada p\u00e1gina, com o objetivo de posteriormente otimizar o website e realocar recursos relativamente \u00e0 publicidade online. Esta an\u00e1lise web usa o recurso \u201canonymizelp\u201d que permite \u00e0 empresa Google obter o endere\u00e7o IP da liga\u00e7\u00e3o \u00e0 Internet do titular dos dados aos nossos websites a partir de um Estado Membro da Uni\u00e3o Europeia ou de outro Estado Contratante no Acordo sobre o Espa\u00e7o Econ\u00f3mico Europeu.<\/p><p>O Google Analytics utiliza tamb\u00e9m um sistema de cookies (defini\u00e7\u00e3o apresentada acima no ponto 2) que \u00e9 respons\u00e1vel por analisar dados pessoais dos visitantes e dados relativos \u00e0 utiliza\u00e7\u00e3o dos websites. Estes dados s\u00e3o armazenados pela Google nos Estados Unidos da Am\u00e9rica e podem ser transmitidos a terceiros.<\/p><p>A configura\u00e7\u00e3o de cookies pode ser impedida pelo titular dos dados no nosso website, atrav\u00e9s de um ajuste ao navegador da web usado (tal como indicado no ponto 2) e os cookies j\u00e1 utilizados pelo Google Analytics podem ser exclu\u00eddos a qualquer momento atrav\u00e9s do navegador da web ou de outros programas de software. Para al\u00e9m disso, o titular dos dados pode se opor \u00e0 recolha de dados gerada pelo Google Analytics e ao tratamento dos mesmos atrav\u00e9s da transfer\u00eancia e instala\u00e7\u00e3o de um complemento do navegador no endere\u00e7o tools.google.com\/dlpage\/gaoptout. Este complemento funciona como uma obje\u00e7\u00e3o pela Google em utilizar os dados dos visitantes. Se o sistema de tecnologia da informa\u00e7\u00e3o do titular for posteriormente apagado, formatado ou rec\u00e9m-instalado, este deve novamente instalar o complemento para os seus dados n\u00e3o serem analisados pelo Google Analytics. Caso o complemento seja desativado, \u00e9 poss\u00edvel executar uma reativa\u00e7\u00e3o ou reinstala\u00e7\u00e3o do mesmo.<\/p><p>Para mais informa\u00e7\u00f5es relativas \u00e0 prote\u00e7\u00e3o de dados da Google, podem ser consultadas as p\u00e1ginas www.google.com\/intl\/en\/policies\/privacy e www.google.com\/analytics\/terms\/us.html. Para mais informa\u00e7\u00f5es sobre o Google Analytics, consultar o site www.google.com\/analytics. O operador do componente do Google Analytics \u00e9:<\/p><p>Google Inc., 1600 Anphitheatre Parkway, Mountain View<\/p><p>CA 94043-1351, Estados Unidos da Am\u00e9rica.<\/p><h4>9. Direitos Do Titular Dos Dados<\/h4><ul><li><ul><li>Direito de serem informados:<\/li><\/ul><\/li><\/ul><p>Os titulares t\u00eam o direito (concedido pelo legislador europeu) de saber como os seus dados pessoais ser\u00e3o utilizados pelo controlador ou pelo processador. Esta declara\u00e7\u00e3o de prote\u00e7\u00e3o de dados explica como os dados pessoais podem ser utilizados, sendo que, se ainda persistirem algumas d\u00favidas por parte dos titulares, estes podem entrar a qualquer momento em contato com o nosso respons\u00e1vel pelo tratamento de dados.<\/p><ul><li><ul><li>Direito de confirma\u00e7\u00e3o<\/li><\/ul><\/li><\/ul><p>Os titulares t\u00eam o direito (concedido pelo legislador europeu) de obter confirma\u00e7\u00e3o do controlador sobre se os dados pessoais relativos aos mesmos est\u00e3o ou n\u00e3o a ser tratados, sendo para isso necess\u00e1rio entrarem em contato com o nosso respons\u00e1vel pelo tratamento de dados.<\/p><ul><li><ul><li>Direito de acesso<\/li><\/ul><\/li><\/ul><p>Os titulares t\u00eam o direito (concedido pelo legislador europeu) de obter do respons\u00e1vel, a qualquer momento e de forma gratuita, informa\u00e7\u00f5es sobre os seus dados pessoais armazenados e uma c\u00f3pia desta informa\u00e7\u00e3o. Para al\u00e9m disso, segundo as directivas e os regulamentos europeus, deve ser concedido acesso ao titular dos dados a informa\u00e7\u00f5es relativas:<\/p><ul><li><ul><li><ul><li>Aos objectivos do tratamento dos dados;<\/li><li>\u00c0s categorias de dados pessoais em causa;<\/li><li>Aos destinat\u00e1rios ou categorias de destinat\u00e1rios a quem os dados pessoais foram ou ser\u00e3o divulgados, em particular os destinat\u00e1rios em pa\u00edses terceiros ou organiza\u00e7\u00f5es internacionais;<\/li><li>Ao per\u00edodo previsto para o qual os dados pessoais ser\u00e3o armazenados ou aos crit\u00e9rios utilizados para determinar esse per\u00edodo;<\/li><li>\u00c0 exist\u00eancia do direito de apresentar uma queixa junto de uma autoridade de supervis\u00e3o;<\/li><li>\u00c0 origem dos dados quando estes n\u00e3o s\u00e3o dados pessoais dos titulares;<\/li><li>\u00c0 exist\u00eancia de tomadas de decis\u00e3o automatizadas, incluindo o perfilamento, a que se referem os Artigos 22\u00ba n\u00ba1 e n\u00ba4 do RGPD e, pelo menos nesses casos, informa\u00e7\u00f5es significativas sobre a l\u00f3gica envolvida, bem como a import\u00e2ncia e as consequ\u00eancias previstas de tal tratamento para o titular dos dados.<\/li><\/ul><\/li><\/ul><\/li><\/ul><p>Al\u00e9m disso, o titular dos dados tem o direito de obter informa\u00e7\u00f5es relativas \u00e0 transmiss\u00e3o dos seus dados pessoais para um pa\u00eds terceiro ou para uma organiza\u00e7\u00e3o internacional. Quando \u00e9 o caso, o titular dos dados tem o direito de ser informado das salvaguardas apropriadas relativas a esta transmiss\u00e3o. Se os titulares quiserem usufruir deste direito de acesso, podem entrar em contacto com o nosso respons\u00e1vel pelo tratamento de dados.<\/p><ul><li><ul><li>Direito de rectifica\u00e7\u00e3o<\/li><\/ul><\/li><\/ul><p>Os titulares t\u00eam o direito (concedido pelo legislador europeu) de obterem do controlador, sem demora indevida, a rectifica\u00e7\u00e3o de dados pessoais imprecisos sobre os mesmos, bem como o preenchimento de dados pessoais incompletos. Se os titulares quiserem usufruir deste direito podem, a qualquer momento, entrar em contacto com o nosso respons\u00e1vel pelo tratamento de dados.<\/p><ul><li><ul><li>Direito de apagamento (ou Direito de ser esquecido)<\/li><\/ul><\/li><\/ul><p>Os titulares t\u00eam o direito (concedido pelo legislador europeu) de obterem do controlador o apagamento de dados pessoais que lhe dizem respeito, desde que o tratamento n\u00e3o seja necess\u00e1rio, quando um dos seguintes motivos aplica-se:<\/p><ul><li><ul><li><ul><li>Os dados pessoais n\u00e3o s\u00e3o mais necess\u00e1rios para an\u00e1lises ou tratamentos;<\/li><li>O titular dos dados retira o consentimento em que se baseia o tratamento ( conforme os artigos 6\u00ba n\u00ba1 al\u00ednea a) ou 9\u00ba n\u00ba2 al\u00ednea a) do RGPD) e n\u00e3o existe outro fundamento jur\u00eddico para o tratamento;<\/li><li>O titular dos dados op\u00f5e-se ao tratamento nos termos do Artigo 21\u00ba n\u00ba1 do RGPD e n\u00e3o existem motivos leg\u00edtimos para o tratamento, ou o titular dos dados op\u00f5e-se ao tratamento nos termos do Artigo 21\u00ba n\u00ba2 do RGPD;<\/li><li>Os dados pessoais foram tratados de forma il\u00edcita;<\/li><li>Os dados pessoais devem ser apagados para cumprimento de uma obriga\u00e7\u00e3o legal prevista na legisla\u00e7\u00e3o da Uni\u00e3o ou do Estado-Membro a que o controlador est\u00e1 sujeito.<\/li><li>Os dados pessoais foram recolhidos em rela\u00e7\u00e3o \u00e0 oferta de servi\u00e7os da sociedade da informa\u00e7\u00e3o por menores de 16 anos (artigo 8\u00ba n\u00ba1 do RGPD).<\/li><\/ul><\/li><\/ul><\/li><\/ul><p>Se os titulares quiserem usufruir deste direito podem, a qualquer momento, entrar em contacto com o nosso respons\u00e1vel pelo tratamento de dados.<\/p><ul><li><ul><li>Direito \u00e0 limita\u00e7\u00e3o do tratamentoOs titulares t\u00eam o direito (concedido pelo legislador europeu) de obterem do controlador uma limita\u00e7\u00e3o de tratamento dos seus dados, se uma das seguintes condi\u00e7\u00f5es se aplicar:<ul><li>A exatid\u00e3o dos dados pessoais \u00e9 contestada pelo titular por um per\u00edodo que permite ao controlador verificar a precis\u00e3o dos mesmos;<\/li><li>O tratamento \u00e9 ilegal e o titular dos dados, opondo-se ao apagamento dos dados pessoais, solicita a restri\u00e7\u00e3o da sua utiliza\u00e7\u00e3o;<\/li><li>O controlador j\u00e1 n\u00e3o necessita dos dados pessoais para fins de tratamento, mas s\u00e3o requeridos pelo titular dos dados para o estabelecimento, exerc\u00edcio, ou defesa de processos legais;<\/li><li>O titular dos dados op\u00f5e-se ao tratamento nos termos do Artigo 21\u00ba n\u00ba1 do RGPD, e ainda n\u00e3o se encontra claro se os motivos leg\u00edtimos do controlador anulam os do titular.<\/li><\/ul><p>Se uma das condi\u00e7\u00f5es acima mencionadas for realizada e o titular dos dados desejar solicitar a restri\u00e7\u00e3o do tratamento de dados pessoais armazenados pela CPL MEETINGS &amp; EVENTS, o mesmo pode, em qualquer momento, contactar directamente o nosso respons\u00e1vel pelo tratamento de dados.<\/p><\/li><li>Direito \u00e0 portabilidade de dados<\/li><\/ul><\/li><\/ul><p>Os titulares t\u00eam o direito (concedido pelo legislador europeu) de receberem os dados pessoais referentes aos mesmos, que tenham sido fornecidos a um controlador, num formato estruturado, de uso comum e leg\u00edvel por m\u00e1quinas. O titular tem o direito de transmitir esses dados para outro controlador sem impedimento do controlador atual, desde que n\u00e3o afete negativamente os direitos e as liberdades de outros e desde que o tratamento seja baseado no consentimento (como \u00e9 referido nos termos dos Artigo 6\u00ba n\u00ba1 al\u00ednea a) ou do Artigo 9\u00ba n\u00ba2 al\u00ednea a) do RGPD) ou num contrato de acordo com o Artigo 6\u00ba n\u00ba1 al\u00ednea b) do RGPD, e o tratamento \u00e9 realizado por meios automatizados, desde que o mesmo n\u00e3o seja necess\u00e1rio para o desempenho de um tarefa realizada no interesse p\u00fablico ou no exerc\u00edcio da autoridade oficial conferida ao controlador.<\/p><p>Para assegurar o direito \u00e0 portabilidade de dados, os titulares podem usufruir deste direito a qualquer momento e entrar em contacto com o nosso respons\u00e1vel pelo tratamento de dados.<\/p><ul><li><ul><li>Direito de objec\u00e7\u00e3o<\/li><\/ul><\/li><\/ul><p>Os titulares t\u00eam o direito (concedido pelo legislador europeu) de se oporem, por motivos relacionados com a sua situa\u00e7\u00e3o particular, a qualquer momento, ao tratamento de dados pessoais que lhe digam respeito, com base no Artigo 6\u00ba n\u00ba1 al\u00ednea e) e f) do RGPD, sendo isto tamb\u00e9m aplic\u00e1vel ao perfilamento. Nestes casos, a empresa n\u00e3o trata mais nenhum dado pessoal a menos que demonstre possuir motivos leg\u00edtimos convincentes para o tratamento dos mesmos (exerc\u00edcios ou processos legais, por exemplo).<\/p><p>Para exercer o direito de objec\u00e7\u00e3o, os titulares dos dados podem, a qualquer momento entrar em contacto com o nosso respons\u00e1vel pelo tratamento de dados.<\/p><h4>10. Seguran\u00e7a Dos Dados Pessoais<\/h4><p>A CPL MEETINGS &amp; EVENTS utiliza sistemas e procedimentos de seguran\u00e7a de modo a garantir a seguran\u00e7a dos dados pessoais dos titulares e de forma a prevenir acessos n\u00e3o autorizados, bem como o uso impr\u00f3prio, divulga\u00e7\u00e3o, perda e destrui\u00e7\u00e3o de dados pessoais.<\/p><h4>Defini\u00e7\u00f5es<\/h4><p>Esta declara\u00e7\u00e3o de protec\u00e7\u00e3o de dados baseia-se nos termos utilizados pelo legislador europeu para a adop\u00e7\u00e3o do Regulamento Geral de Protec\u00e7\u00e3o de Dados (RGPD). A nossa declara\u00e7\u00e3o de protec\u00e7\u00e3o de dados deve ser leg\u00edvel e compreens\u00edvel para o p\u00fablico em geral, bem como para os nossos clientes e parceiros de neg\u00f3cios. Para garantir isso, gostar\u00edamos de come\u00e7ar por explicar a terminologia utilizada.<\/p><p>Nesta declara\u00e7\u00e3o de protec\u00e7\u00e3o de dados, usamos, inter alia, os seguintes termos:<\/p><ul><li><ul><li>Dados pessoais<\/li><\/ul><\/li><\/ul><p>Dados pessoais significa qualquer informa\u00e7\u00e3o relacionada com uma pessoa singular identificada ou identific\u00e1vel (\u201ctitular dos dados\u201d). Uma pessoa singular identific\u00e1vel \u00e9 aquela que pode ser identificada, directa ou indirectamente, em particular por refer\u00eancia a um identificador como um nome, um n\u00famero de identifica\u00e7\u00e3o, dados de localiza\u00e7\u00e3o, um identificador on-line, ou a um ou mais fatores espec\u00edficos da identidade f\u00edsica, fisiol\u00f3gica, gen\u00e9tica, mental, econ\u00f3mica, cultural, ou social dessa pessoa natural.<\/p><ul><li><ul><li>Titular dos dados<\/li><\/ul><\/li><\/ul><p>O titular dos dados \u00e9 qualquer pessoa singular identificada ou identific\u00e1vel, cujos dados pessoais s\u00e3o tratados pelo controlador respons\u00e1vel pelo tratamento.<\/p><ul><li><ul><li>Tratamento<\/li><\/ul><\/li><\/ul><p>O tratamento \u00e9 qualquer opera\u00e7\u00e3o ou conjunto de opera\u00e7\u00f5es que seja executada em dados pessoais ou em conjuntos de dados pessoais (seja ou n\u00e3o por meios automatizados), como a colecta, grava\u00e7\u00e3o, organiza\u00e7\u00e3o, estrutura\u00e7\u00e3o, armazenamento, adapta\u00e7\u00e3o ou altera\u00e7\u00e3o, recupera\u00e7\u00e3o, consulta, uso, divulga\u00e7\u00e3o por transmiss\u00e3o, divulga\u00e7\u00e3o ou disponibiliza\u00e7\u00e3o, alinhamento ou combina\u00e7\u00e3o, restri\u00e7\u00e3o, apagamento, ou destrui\u00e7\u00e3o.<\/p><ul><li><ul><li>Restri\u00e7\u00e3o de tratamento<\/li><\/ul><\/li><\/ul><p>A restri\u00e7\u00e3o do tratamento \u00e9 a marca\u00e7\u00e3o de dados pessoais armazenados com o objectivo de limitar o seu tratamento no futuro.<\/p><ul><li><ul><li>Perfilamento<\/li><\/ul><\/li><\/ul><p>O perfilamento significa qualquer forma de tratamento automatizado de dados pessoais consistindo na utiliza\u00e7\u00e3o de dados pessoais para avaliar certos aspectos pessoais relacionados com uma pessoa singular, em particular para analisar ou prever aspectos relativos ao desempenho dessa pessoa no trabalho, situa\u00e7\u00e3o econ\u00f3mica, sa\u00fade, prefer\u00eancias pessoais, interesses, confiabilidade, comportamento, localiza\u00e7\u00e3o, ou movimentos.<\/p><ul><li><ul><li>Controlador de Dados ou Controlador ou Controlador respons\u00e1vel pelo tratamento<\/li><\/ul><\/li><\/ul><p>Controlador de Dados ou Controlador ou Controlador respons\u00e1vel pelo tratamento \u00e9 a pessoa singular ou jur\u00eddica, autoridade p\u00fablica, ag\u00eancia ou outro \u00f3rg\u00e3o que (sozinho ou em conjunto com outros) determina os prop\u00f3sitos e meios de tratamento de dados pessoais. Quando os fins e os meios de tal tratamento s\u00e3o determinados pela legisla\u00e7\u00e3o da Uni\u00e3o ou do Estado-Membro, o controlador ou os crit\u00e9rios espec\u00edficos para a sua nomea\u00e7\u00e3o podem ser indicados pela legisla\u00e7\u00e3o da Uni\u00e3o ou do Estado-Membro.<\/p><ul><li><ul><li>Processador de Dados ou Processador ou Subcontratante<\/li><\/ul><\/li><\/ul><p>Processador de Dados ou Processador ou Subcontratante \u00e9 uma pessoa singular ou jur\u00eddica, autoridade p\u00fablica, ag\u00eancia, ou outro \u00f3rg\u00e3o que trata dados pessoais em nome do controlador.<\/p><ul><li><ul><li>Destinat\u00e1rio<\/li><\/ul><\/li><\/ul><p>O destinat\u00e1rio \u00e9 uma pessoa singular ou jur\u00eddica, uma autoridade p\u00fablica, uma ag\u00eancia, ou outro \u00f3rg\u00e3o, \u00e0 qual os dados pessoais s\u00e3o divulgados, seja ela terceiro ou n\u00e3o. No entanto, as autoridades p\u00fablicas que podem receber dados pessoais no \u00e2mbito de um inqu\u00e9rito espec\u00edfico em conformidade com a legisla\u00e7\u00e3o da Uni\u00e3o ou dos Estados-Membros n\u00e3o devem ser consideradas como destinat\u00e1rias; o tratamento desses dados por essas autoridades p\u00fablicas deve estar em conformidade com as regras de protec\u00e7\u00e3o de dados aplic\u00e1veis de acordo com os fins do tratamento.<\/p><ul><li><ul><li>Terceiro<\/li><\/ul><\/li><\/ul><p>O terceiro \u00e9 uma pessoa singular ou jur\u00eddica, uma autoridade p\u00fablica, uma ag\u00eancia, ou outro organismo que n\u00e3o o titular dos dados, o controlador, o processador, e as pessoas que, sob a autoridade directa do controlador ou do processador, est\u00e3o autorizadas a tratar dados pessoais.<\/p>\t\t\t\t\t\t<\/div>\n\t\t\t\t<\/div>\n\t\t\t\t\t<\/div>\n\t\t\t\t<\/div>\n\t\t\t\t<\/div>\n\t\t","protected":false},"excerpt":{"rendered":"<p>Privacy Policy A\u00a0 nossa pol\u00edtica de privacidade foi reformulada com base no novo Regulamento Geral sobre a Prote\u00e7\u00e3o de Dados (RGPD), conforme \u00e9 disposto no Regulamento (EU) 2016\/679 do Parlamento Europeu e do Conselho, bem como toda a restante legisla\u00e7\u00e3o aplic\u00e1vel e complementar aos temas da privacidade e da prote\u00e7\u00e3o de dados. Todos os dados [&hellip;]<\/p>\n","protected":false},"author":1,"featured_media":0,"parent":0,"menu_order":0,"comment_status":"closed","ping_status":"closed","template":"","meta":{"footnotes":""},"class_list":["post-1855","page","type-page","status-publish","hentry"],"_links":{"self":[{"href":"https:\/\/petition.g100leadershipsummit.org\/index.php\/wp-json\/wp\/v2\/pages\/1855","targetHints":{"allow":["GET"]}}],"collection":[{"href":"https:\/\/petition.g100leadershipsummit.org\/index.php\/wp-json\/wp\/v2\/pages"}],"about":[{"href":"https:\/\/petition.g100leadershipsummit.org\/index.php\/wp-json\/wp\/v2\/types\/page"}],"author":[{"embeddable":true,"href":"https:\/\/petition.g100leadershipsummit.org\/index.php\/wp-json\/wp\/v2\/users\/1"}],"replies":[{"embeddable":true,"href":"https:\/\/petition.g100leadershipsummit.org\/index.php\/wp-json\/wp\/v2\/comments?post=1855"}],"version-history":[{"count":10,"href":"https:\/\/petition.g100leadershipsummit.org\/index.php\/wp-json\/wp\/v2\/pages\/1855\/revisions"}],"predecessor-version":[{"id":1874,"href":"https:\/\/petition.g100leadershipsummit.org\/index.php\/wp-json\/wp\/v2\/pages\/1855\/revisions\/1874"}],"wp:attachment":[{"href":"https:\/\/petition.g100leadershipsummit.org\/index.php\/wp-json\/wp\/v2\/media?parent=1855"}],"curies":[{"name":"wp","href":"https:\/\/api.w.org\/{rel}","templated":true}]}}