{"id":1847,"date":"2024-03-08T10:44:44","date_gmt":"2024-03-08T10:44:44","guid":{"rendered":"https:\/\/petition.g100leadershipsummit.org\/?page_id=1847"},"modified":"2024-03-08T10:48:02","modified_gmt":"2024-03-08T10:48:02","slug":"cookies-policy","status":"publish","type":"page","link":"https:\/\/petition.g100leadershipsummit.org\/index.php\/cookies-policy\/","title":{"rendered":"Cookies Policy"},"content":{"rendered":"\t\t<div data-elementor-type=\"wp-page\" data-elementor-id=\"1847\" class=\"elementor elementor-1847\" data-elementor-post-type=\"page\">\n\t\t\t\t<div class=\"elementor-element elementor-element-00f4e7b e-flex e-con-boxed e-con e-parent\" data-id=\"00f4e7b\" data-element_type=\"container\" data-settings=\"{&quot;background_background&quot;:&quot;classic&quot;,&quot;content_width&quot;:&quot;boxed&quot;}\" data-core-v316-plus=\"true\">\n\t\t\t\t\t<div class=\"e-con-inner\">\n\t\t\t\t<div class=\"elementor-element elementor-element-8149cdc elementor-widget elementor-widget-text-editor\" data-id=\"8149cdc\" data-element_type=\"widget\" data-widget_type=\"text-editor.default\">\n\t\t\t\t<div class=\"elementor-widget-container\">\n\t\t\t<style>\/*! elementor - v3.19.0 - 28-02-2024 *\/\n.elementor-widget-text-editor.elementor-drop-cap-view-stacked .elementor-drop-cap{background-color:#69727d;color:#fff}.elementor-widget-text-editor.elementor-drop-cap-view-framed .elementor-drop-cap{color:#69727d;border:3px solid;background-color:transparent}.elementor-widget-text-editor:not(.elementor-drop-cap-view-default) .elementor-drop-cap{margin-top:8px}.elementor-widget-text-editor:not(.elementor-drop-cap-view-default) .elementor-drop-cap-letter{width:1em;height:1em}.elementor-widget-text-editor .elementor-drop-cap{float:left;text-align:center;line-height:1;font-size:50px}.elementor-widget-text-editor .elementor-drop-cap-letter{display:inline-block}<\/style>\t\t\t\t<p>Cookies Policy<\/p>\t\t\t\t\t\t<\/div>\n\t\t\t\t<\/div>\n\t\t\t\t<div class=\"elementor-element elementor-element-e04ea80 elementor-widget elementor-widget-text-editor\" data-id=\"e04ea80\" data-element_type=\"widget\" data-widget_type=\"text-editor.default\">\n\t\t\t\t<div class=\"elementor-widget-container\">\n\t\t\t\t\t\t\t<h4 class=\"section-subtitle text-capitalize\">O Que S\u00e3o Cookies?<\/h4><p class=\"section-text text-center py-4\">Os \u201cCookies\u201d s\u00e3o ficheiros de texto referentes \u00e0 sua utiliza\u00e7\u00e3o dos websites que o seu dispositivo armazena por um determinado per\u00edodo de tempo atrav\u00e9s do seu navegador de internet (browser). Isto permite que o website se \u201clembre\u201d das suas a\u00e7\u00f5es e prefer\u00eancias. Estas informa\u00e7\u00f5es que ficam armazenadas s\u00e3o gen\u00e9ricas (localiza\u00e7\u00e3o do dispositivo que acedeu ao website, hora do acesso, etc), sendo usadas apenas para an\u00e1lises estat\u00edsticas e n\u00e3o para o perfilamento dos visitantes.<\/p><h4 class=\"section-subtitle text-capitalize\">Tipos De Cookies Utilizados<\/h4><p class=\"section-text py-4\"><u>Cookies Essenciais:<\/u>\u00a0s\u00e3o utilizados para aceder a \u00e1reas espec\u00edficas do nosso site. Estes s\u00e3o necess\u00e1rios para o funcionamento de algumas das \u00e1reas do website, mas n\u00e3o s\u00e3o utilizados de forma alguma para o identificar pessoalmente. Os cookies essenciais s\u00e3o tempor\u00e1rios e s\u00e3o automaticamente eliminados uma vez que saia do site.<\/p><p class=\"section-text py-4\"><u>Cookies de Funcionalidade:<\/u>\u00a0permitem relembrar as prefer\u00eancias do utilizador de forma a melhorar a experi\u00eancia do mesmo no website. N\u00e3o s\u00e3o necess\u00e1rios para o funcionamento do website e n\u00e3o armazenam dados pessoais dos visitantes. Exemplo: lembrar o nome do utilizador de cada vez que este acede ao site.<\/p><p class=\"section-text py-4\"><u>Cookies Anal\u00edticos:<\/u>\u00a0s\u00e3o utilizados para analisar a forma como os utilizadores usam o site e para monitorizar a performance do mesmo, n\u00e3o recolhendo informa\u00e7\u00f5es de car\u00e1ter pessoal. Exemplo: determinar quais s\u00e3o as p\u00e1ginas do website mais populares.<\/p><p class=\"section-text py-4\"><u>Cookies de Terceiros:<\/u>\u00a0encontram-se configurados no nosso website e pertencem a empresas parceiras (ex: Facebook ou anunciantes), tendo estes o objetivo de medir o sucesso de aplica\u00e7\u00f5es e a efic\u00e1cia da publicidade dos mesmos. Exemplo: se usar uma ferramenta de uma rede social (ex: \u201cGosto\u201d ou \u201cPartilha\u201d do Facebook) neste website, este cookie ir\u00e1 registar a utiliza\u00e7\u00e3o dessa ferramenta e a rede social (Facebook, neste caso) poder\u00e1 recolher esta informa\u00e7\u00e3o.<\/p><p class=\"section-text py-4\"><u>Cookies de Publicidade:<\/u>\u00a0s\u00e3o usados para direcionar a publicidade em fun\u00e7\u00e3o dos interesses e da atividade do utilizador, ajudando a medir a efic\u00e1cia da publicidade e a limitar o n\u00ba de vezes que cada an\u00fancio pode ser visionado pelos visitantes. Estes n\u00e3o permitem identificar o utilizador.<\/p><h4 class=\"section-subtitle text-capitalize\">Como Controlar\/Bloquear As Cookies<\/h4><p class=\"section-text py-4\">O visitante pode, a qualquer momento, a partir do seu navegador de internet decidir ser notificado sobre a rece\u00e7\u00e3o de Cookies. Pode igualmente decidir bloquear a entrada de Cookies no seu sistema, sendo importante referir que ao bloquear as Cookies, corre o risco de o website n\u00e3o funcionar corretamente. Para mais informa\u00e7\u00f5es sobre o controlo, elimina\u00e7\u00e3o e\/ou bloqueio de cookies, pode consultar a ajuda do seu browser ou aceder ao site\u00a0<a href=\"http:\/\/www.allaboutcookies.org\/\" target=\"_blank\" rel=\"noopener\">AllAboutCookies.org<\/a>.<\/p><h4 class=\"section-subtitle text-capitalize\">Cookies Google Analytics<\/h4><p class=\"section-text py-4\">O Google Analytics utiliza tamb\u00e9m um sistema de cookies que \u00e9 respons\u00e1vel por analisar dados relativos \u00e0 utiliza\u00e7\u00e3o dos websites pelos utilizadores\/visitantes. Estes dados s\u00e3o armazenados pela Google nos Estados Unidos da Am\u00e9rica e podem ser transmitidos a terceiros. A configura\u00e7\u00e3o de cookies pode ser impedida pelo titular dos dados no nosso website, atrav\u00e9s de um ajuste ao navegador da web usado (tal como indicado acima) e os cookies j\u00e1 utilizados pelo Google Analytics podem ser exclu\u00eddos a qualquer momento atrav\u00e9s do navegador da web ou de outros programas de software. Para al\u00e9m disso, o titular dos dados pode se opor \u00e0 recolha de dados gerada pelo Google Analytics e ao tratamento dos mesmos atrav\u00e9s da transfer\u00eancia e instala\u00e7\u00e3o de um complemento do navegador no endere\u00e7o\u00a0<a href=\"https:\/\/tools.google.com\/dlpage\/gaoptout\" target=\"_blank\" rel=\"noopener\">tools.google.com\/dlpage\/gaoptout<\/a>. Este complemento funciona como uma obje\u00e7\u00e3o \u00e0 Google utilizar os dados dos visitantes. Se o sistema de tecnologia da informa\u00e7\u00e3o do titular for posteriormente apagado, formatado ou rec\u00e9m-instalado, este deve novamente instalar o complemento para os seus dados n\u00e3o serem analisados pelo Google Analytics. Caso o complemento seja desativado, \u00e9 tamb\u00e9m poss\u00edvel executar uma reativa\u00e7\u00e3o ou reinstala\u00e7\u00e3o do mesmo.<\/p>\t\t\t\t\t\t<\/div>\n\t\t\t\t<\/div>\n\t\t\t\t\t<\/div>\n\t\t\t\t<\/div>\n\t\t\t\t<\/div>\n\t\t","protected":false},"excerpt":{"rendered":"<p>Cookies Policy O Que S\u00e3o Cookies? Os \u201cCookies\u201d s\u00e3o ficheiros de texto referentes \u00e0 sua utiliza\u00e7\u00e3o dos websites que o seu dispositivo armazena por um determinado per\u00edodo de tempo atrav\u00e9s do seu navegador de internet (browser). Isto permite que o website se \u201clembre\u201d das suas a\u00e7\u00f5es e prefer\u00eancias. Estas informa\u00e7\u00f5es que ficam armazenadas s\u00e3o gen\u00e9ricas [&hellip;]<\/p>\n","protected":false},"author":1,"featured_media":0,"parent":0,"menu_order":0,"comment_status":"closed","ping_status":"closed","template":"","meta":{"footnotes":""},"class_list":["post-1847","page","type-page","status-publish","hentry"],"_links":{"self":[{"href":"https:\/\/petition.g100leadershipsummit.org\/index.php\/wp-json\/wp\/v2\/pages\/1847","targetHints":{"allow":["GET"]}}],"collection":[{"href":"https:\/\/petition.g100leadershipsummit.org\/index.php\/wp-json\/wp\/v2\/pages"}],"about":[{"href":"https:\/\/petition.g100leadershipsummit.org\/index.php\/wp-json\/wp\/v2\/types\/page"}],"author":[{"embeddable":true,"href":"https:\/\/petition.g100leadershipsummit.org\/index.php\/wp-json\/wp\/v2\/users\/1"}],"replies":[{"embeddable":true,"href":"https:\/\/petition.g100leadershipsummit.org\/index.php\/wp-json\/wp\/v2\/comments?post=1847"}],"version-history":[{"count":4,"href":"https:\/\/petition.g100leadershipsummit.org\/index.php\/wp-json\/wp\/v2\/pages\/1847\/revisions"}],"predecessor-version":[{"id":1851,"href":"https:\/\/petition.g100leadershipsummit.org\/index.php\/wp-json\/wp\/v2\/pages\/1847\/revisions\/1851"}],"wp:attachment":[{"href":"https:\/\/petition.g100leadershipsummit.org\/index.php\/wp-json\/wp\/v2\/media?parent=1847"}],"curies":[{"name":"wp","href":"https:\/\/api.w.org\/{rel}","templated":true}]}}